{"id":6727,"date":"2025-04-18T18:34:38","date_gmt":"2025-04-18T18:34:38","guid":{"rendered":"https:\/\/namc.cog7staging.org\/pastoral-services-handbook\/"},"modified":"2025-08-14T18:29:01","modified_gmt":"2025-08-14T18:29:01","slug":"pastoral-services-handbook","status":"publish","type":"page","link":"https:\/\/namc.cog7.org\/es\/pastoral-services-handbook\/","title":{"rendered":"Manual de Servicios Pastorales"},"content":{"rendered":"\n<p>Artios ha creado un recurso para mejorar tus habilidades pastorales: el Manual de Servicios Pastorales. Proporciona detalles paso a paso sobre c\u00f3mo realizar una boda, un servicio f\u00fanebre, la conmemoraci\u00f3n de la Cena del Se\u00f1or y m\u00e1s. Disponible en ingl\u00e9s y espa\u00f1ol.<\/p>\n\n\n\n<div class=\"wp-block-buttons is-layout-flex wp-block-buttons-is-layout-flex\">\n<div class=\"wp-block-button\"><a class=\"wp-block-button__link wp-element-button\" href=\"https:\/\/store.cog7.org\/products\/pastoral-services-handbook?_pos=1&amp;_sid=770a90fc3&amp;_ss=r.\" target=\"_blank\" rel=\"noreferrer noopener\">Ordene aqu\u00ed<\/a><\/div>\n<\/div>\n\n\n\n<p><\/p>\n","protected":false},"excerpt":{"rendered":"<p>Artios ha creado un recurso para mejorar tus habilidades pastorales: el Manual de Servicios Pastorales. Proporciona detalles paso a paso sobre c\u00f3mo realizar una boda, un servicio f\u00fanebre, la conmemoraci\u00f3n de la Cena del Se\u00f1or y m\u00e1s. Disponible en ingl\u00e9s y espa\u00f1ol.<\/p>\n","protected":false},"author":1,"featured_media":7121,"parent":0,"menu_order":0,"comment_status":"closed","ping_status":"closed","template":"","meta":{"_uag_custom_page_level_css":"","footnotes":""},"class_list":["post-6727","page","type-page","status-publish","has-post-thumbnail","hentry"],"uagb_featured_image_src":{"full":["https:\/\/namc.cog7.org\/wp-content\/uploads\/2025\/08\/Untitled.png",1270,500,false],"thumbnail":["https:\/\/namc.cog7.org\/wp-content\/uploads\/2025\/08\/Untitled-150x150.png",150,150,true],"medium":["https:\/\/namc.cog7.org\/wp-content\/uploads\/2025\/08\/Untitled-300x118.png",300,118,true],"medium_large":["https:\/\/namc.cog7.org\/wp-content\/uploads\/2025\/08\/Untitled-768x302.png",768,302,true],"large":["https:\/\/namc.cog7.org\/wp-content\/uploads\/2025\/08\/Untitled-1024x403.png",887,349,true],"1536x1536":["https:\/\/namc.cog7.org\/wp-content\/uploads\/2025\/08\/Untitled.png",1270,500,false],"2048x2048":["https:\/\/namc.cog7.org\/wp-content\/uploads\/2025\/08\/Untitled.png",1270,500,false],"homepage-slider":["https:\/\/namc.cog7.org\/wp-content\/uploads\/2025\/08\/Untitled.png",1270,500,false],"homepage-slider-small":["https:\/\/namc.cog7.org\/wp-content\/uploads\/2025\/08\/Untitled-947x500.png",947,500,true],"page-top":["https:\/\/namc.cog7.org\/wp-content\/uploads\/2025\/08\/Untitled-947x373.png",947,373,true],"page-small":["https:\/\/namc.cog7.org\/wp-content\/uploads\/2025\/08\/Untitled-624x246.png",624,246,true],"loop-main":["https:\/\/namc.cog7.org\/wp-content\/uploads\/2025\/08\/Untitled-365x240.png",365,240,true],"thumb-gallery-widget":["https:\/\/namc.cog7.org\/wp-content\/uploads\/2025\/08\/Untitled-84x56.png",84,56,true]},"uagb_author_info":{"display_name":"jazmin.novak@cog7.org","author_link":"https:\/\/namc.cog7.org\/es\/author\/jazmin-novakcog7-org\/"},"uagb_comment_info":0,"uagb_excerpt":"Artios ha creado un recurso para mejorar tus habilidades pastorales: el Manual de Servicios Pastorales. Proporciona detalles paso a paso sobre c\u00f3mo realizar una boda, un servicio f\u00fanebre, la conmemoraci\u00f3n de la Cena del Se\u00f1or y m\u00e1s. Disponible en ingl\u00e9s y espa\u00f1ol.","_links":{"self":[{"href":"https:\/\/namc.cog7.org\/es\/wp-json\/wp\/v2\/pages\/6727","targetHints":{"allow":["GET"]}}],"collection":[{"href":"https:\/\/namc.cog7.org\/es\/wp-json\/wp\/v2\/pages"}],"about":[{"href":"https:\/\/namc.cog7.org\/es\/wp-json\/wp\/v2\/types\/page"}],"author":[{"embeddable":true,"href":"https:\/\/namc.cog7.org\/es\/wp-json\/wp\/v2\/users\/1"}],"replies":[{"embeddable":true,"href":"https:\/\/namc.cog7.org\/es\/wp-json\/wp\/v2\/comments?post=6727"}],"version-history":[{"count":4,"href":"https:\/\/namc.cog7.org\/es\/wp-json\/wp\/v2\/pages\/6727\/revisions"}],"predecessor-version":[{"id":7033,"href":"https:\/\/namc.cog7.org\/es\/wp-json\/wp\/v2\/pages\/6727\/revisions\/7033"}],"wp:featuredmedia":[{"embeddable":true,"href":"https:\/\/namc.cog7.org\/es\/wp-json\/wp\/v2\/media\/7121"}],"wp:attachment":[{"href":"https:\/\/namc.cog7.org\/es\/wp-json\/wp\/v2\/media?parent=6727"}],"curies":[{"name":"wp","href":"https:\/\/api.w.org\/{rel}","templated":true}]}}