{"id":6545,"date":"2023-01-24T10:43:50","date_gmt":"2023-01-24T10:43:50","guid":{"rendered":"https:\/\/namc.cog7staging.org\/membership\/"},"modified":"2025-05-06T18:51:02","modified_gmt":"2025-05-06T18:51:02","slug":"membership","status":"publish","type":"page","link":"https:\/\/namc.cog7.org\/es\/membership\/","title":{"rendered":"Membres\u00eda"},"content":{"rendered":"<div class=\"wp-block-image\">\n<figure class=\"aligncenter size-large is-resized\"><img loading=\"lazy\" decoding=\"async\" width=\"1024\" height=\"304\" src=\"https:\/\/violet-goat-678263.hostingersite.com\/wp-content\/uploads\/2023\/01\/Conference-Logo_Full-Black-1024x304.png\" alt=\"\" class=\"wp-image-671\" style=\"width:314px;height:93px\" srcset=\"https:\/\/namc.cog7.org\/wp-content\/uploads\/2023\/01\/Conference-Logo_Full-Black-1024x304.png 1024w, https:\/\/namc.cog7.org\/wp-content\/uploads\/2023\/01\/Conference-Logo_Full-Black-300x89.png 300w, https:\/\/namc.cog7.org\/wp-content\/uploads\/2023\/01\/Conference-Logo_Full-Black-768x228.png 768w, https:\/\/namc.cog7.org\/wp-content\/uploads\/2023\/01\/Conference-Logo_Full-Black-1536x456.png 1536w, https:\/\/namc.cog7.org\/wp-content\/uploads\/2023\/01\/Conference-Logo_Full-Black-2048x607.png 2048w\" sizes=\"auto, (max-width: 1024px) 100vw, 1024px\" \/><\/figure>\n<\/div>\n\n\n<p>Los ministros de la conferencia con licencia y credenciales deben residir en Estados Unidos y Canad\u00e1. Son miembros del Concilio Ministerial de Norteam\u00e9rica y tienen el privilegio de deliberar, votar, ocupar todos los cargos por designaci\u00f3n y los cargos electivos, con las siguientes excepciones, que estar\u00e1n reservadas a los que posean credenciales:<\/p>\n\n\n\n<ol class=\"wp-block-list\">\n<li>Delegados al Congreso Ministerial Internacional.<\/li>\n\n\n\n<li>Miembros del Comit\u00e9 de Licencias y Credenciales.<\/li>\n\n\n\n<li>Los asuntos asignados relacionados a la disciplina de los titulares de licencias y credenciales.<\/li>\n<\/ol>\n\n\n\n<p>(Como se establece en los Estatutos del Concilio Ministerial de Norteamerica de la Iglesia de Dios (S\u00e9ptimo D\u00eda)<\/p>\n\n\n\n<div style=\"height:25px\" aria-hidden=\"true\" class=\"wp-block-spacer\"><\/div>\n\n\n\n<blockquote class=\"wp-block-quote is-layout-flow wp-block-quote-is-layout-flow\">\n<blockquote class=\"wp-block-quote is-layout-flow wp-block-quote-is-layout-flow\">\n<p class=\"has-text-align-center\"><em><strong>Sed, pues, imitadores de Dios como hijos queridos.<\/strong><\/em><br>-Efesios 5:1 (RVA)<\/p>\n<\/blockquote>\n<\/blockquote>\n\n\n\n<div style=\"height:25px\" aria-hidden=\"true\" class=\"wp-block-spacer\"><\/div>\n\n\n\n<div class=\"wp-block-buttons is-content-justification-center is-layout-flex wp-container-core-buttons-is-layout-16018d1d wp-block-buttons-is-layout-flex\">\n<div class=\"wp-block-button has-custom-width wp-block-button__width-25\"><a class=\"wp-block-button__link wp-element-button\" href=\"https:\/\/violet-goat-678263.hostingersite.com\/es\/application-process\/\">Inscr\u00edbete en la NAMC<\/a><\/div>\n<\/div>\n\n\n\n<div style=\"height:50px\" aria-hidden=\"true\" class=\"wp-block-spacer\"><\/div>\n\n\n\n<hr class=\"wp-block-separator has-alpha-channel-opacity\"\/>\n\n\n\n<h3 class=\"wp-block-heading has-vivid-red-color has-text-color has-link-color wp-elements-5350313e5fbca8f6f6f3128fd9e32e4e\">FORMULARIO DE INFORME DE EDUCACI\u00d3N CONTINUA | Plazo de presentaci\u00f3n: 1 de febrero<\/h3>\n\n\n\n<p>El programa de Educaci\u00f3n Continua existe para apoyar a los ministros en su b\u00fasqueda de un ministerio fruct\u00edfero en la Iglesia de Dios (S\u00e9ptimo D\u00eda). Los cr\u00e9ditos se conceden por actividades realizadas en los \u00faltimos cinco a\u00f1os que han equipado a los miembros del Concilio Ministerial de Norteam\u00e9rica en su creciendo como l\u00edderes en una iglesia en un mundo que est\u00e1 en constante evoluci\u00f3n.<\/p>\n\n\n\n<p>Los formularios de informe se llenan seg\u00fan un sistema de honor y deben reflejar la integridad propia de un ministro del Evangelio. Con este informe no se exigen pruebas que respalden las afirmaciones de cr\u00e9dito; sin embargo, debe presentarse una verificaci\u00f3n si as\u00ed lo solicita el L&amp;CC (Comit\u00e9 de Licencias y Credenciales).<\/p>\n\n\n\n<div class=\"wp-block-buttons is-content-justification-center is-layout-flex wp-container-core-buttons-is-layout-16018d1d wp-block-buttons-is-layout-flex\">\n<div class=\"wp-block-button has-custom-width wp-block-button__width-25\"><a class=\"wp-block-button__link wp-element-button\" href=\"\/wp-content\/uploads\/2024\/06\/Continuing-Education-Report-Form-2024.docx\">Descarga<\/a><\/div>\n<\/div>\n\n\n\n<div style=\"height:25px\" aria-hidden=\"true\" class=\"wp-block-spacer\"><\/div>\n","protected":false},"excerpt":{"rendered":"<p>Los ministros de la conferencia con licencia y credenciales deben residir en Estados Unidos y Canad\u00e1. Son miembros del Concilio Ministerial de Norteam\u00e9rica y tienen el privilegio de deliberar, votar, ocupar todos los cargos por designaci\u00f3n y los cargos electivos, con las siguientes excepciones, que estar\u00e1n reservadas a los que [&hellip;]<\/p>\n","protected":false},"author":5,"featured_media":6373,"parent":0,"menu_order":0,"comment_status":"closed","ping_status":"closed","template":"","meta":{"_uag_custom_page_level_css":"","footnotes":""},"class_list":["post-6545","page","type-page","status-publish","has-post-thumbnail","hentry"],"uagb_featured_image_src":{"full":["https:\/\/namc.cog7.org\/wp-content\/uploads\/2023\/01\/IMG_1744-scaled-1.jpg",2560,1707,false],"thumbnail":["https:\/\/namc.cog7.org\/wp-content\/uploads\/2023\/01\/IMG_1744-scaled-1-150x150.jpg",150,150,true],"medium":["https:\/\/namc.cog7.org\/wp-content\/uploads\/2023\/01\/IMG_1744-scaled-1-300x200.jpg",300,200,true],"medium_large":["https:\/\/namc.cog7.org\/wp-content\/uploads\/2023\/01\/IMG_1744-scaled-1-768x512.jpg",768,512,true],"large":["https:\/\/namc.cog7.org\/wp-content\/uploads\/2023\/01\/IMG_1744-scaled-1-1024x683.jpg",887,592,true],"1536x1536":["https:\/\/namc.cog7.org\/wp-content\/uploads\/2023\/01\/IMG_1744-scaled-1-1536x1024.jpg",1536,1024,true],"2048x2048":["https:\/\/namc.cog7.org\/wp-content\/uploads\/2023\/01\/IMG_1744-scaled-1-2048x1366.jpg",2048,1366,true],"homepage-slider":["https:\/\/namc.cog7.org\/wp-content\/uploads\/2023\/01\/IMG_1744-scaled-1.jpg",750,500,false],"homepage-slider-small":["https:\/\/namc.cog7.org\/wp-content\/uploads\/2023\/01\/IMG_1744-scaled-1.jpg",750,500,false],"page-top":["https:\/\/namc.cog7.org\/wp-content\/uploads\/2023\/01\/IMG_1744-scaled-1.jpg",947,631,false],"page-small":["https:\/\/namc.cog7.org\/wp-content\/uploads\/2023\/01\/IMG_1744-scaled-1.jpg",624,416,false],"loop-main":["https:\/\/namc.cog7.org\/wp-content\/uploads\/2023\/01\/IMG_1744-scaled-1.jpg",360,240,false],"thumb-gallery-widget":["https:\/\/namc.cog7.org\/wp-content\/uploads\/2023\/01\/IMG_1744-scaled-1.jpg",84,56,false]},"uagb_author_info":{"display_name":"jteran","author_link":"https:\/\/namc.cog7.org\/es\/author\/jteran\/"},"uagb_comment_info":0,"uagb_excerpt":"Los ministros de la conferencia con licencia y credenciales deben residir en Estados Unidos y Canad\u00e1. Son miembros del Concilio Ministerial de Norteam\u00e9rica y tienen el privilegio de deliberar, votar, ocupar todos los cargos por designaci\u00f3n y los cargos electivos, con las siguientes excepciones, que estar\u00e1n reservadas a los que [&hellip;]","_links":{"self":[{"href":"https:\/\/namc.cog7.org\/es\/wp-json\/wp\/v2\/pages\/6545","targetHints":{"allow":["GET"]}}],"collection":[{"href":"https:\/\/namc.cog7.org\/es\/wp-json\/wp\/v2\/pages"}],"about":[{"href":"https:\/\/namc.cog7.org\/es\/wp-json\/wp\/v2\/types\/page"}],"author":[{"embeddable":true,"href":"https:\/\/namc.cog7.org\/es\/wp-json\/wp\/v2\/users\/5"}],"replies":[{"embeddable":true,"href":"https:\/\/namc.cog7.org\/es\/wp-json\/wp\/v2\/comments?post=6545"}],"version-history":[{"count":21,"href":"https:\/\/namc.cog7.org\/es\/wp-json\/wp\/v2\/pages\/6545\/revisions"}],"predecessor-version":[{"id":6928,"href":"https:\/\/namc.cog7.org\/es\/wp-json\/wp\/v2\/pages\/6545\/revisions\/6928"}],"wp:featuredmedia":[{"embeddable":true,"href":"https:\/\/namc.cog7.org\/es\/wp-json\/wp\/v2\/media\/6373"}],"wp:attachment":[{"href":"https:\/\/namc.cog7.org\/es\/wp-json\/wp\/v2\/media?parent=6545"}],"curies":[{"name":"wp","href":"https:\/\/api.w.org\/{rel}","templated":true}]}}