{"id":6542,"date":"2023-01-23T20:52:59","date_gmt":"2023-01-23T20:52:59","guid":{"rendered":"https:\/\/namc.cog7staging.org\/what-we-do\/"},"modified":"2025-05-06T18:35:38","modified_gmt":"2025-05-06T18:35:38","slug":"what-we-do","status":"publish","type":"page","link":"https:\/\/namc.cog7.org\/es\/what-we-do\/","title":{"rendered":"\u00bfQu\u00e9 hacemos?"},"content":{"rendered":"\n<p>La Conferencia General de la Iglesia de Dios (S\u00e9ptimo D\u00eda) ha creado el Concilio Ministerial de<br>Norteam\u00e9rica como organizaci\u00f3n de sus ministros. Una parte de la tarea encomendada al<br>Concilio consiste en establecer normas y requisitos para el ministerio de la Conferencia, y en<br>publicar y regular los documentos ministeriales.<br><br>La conferencia sostiene que todo aquel que haya aceptado el plan de salvaci\u00f3n de Dios,<br>proporcionado a trav\u00e9s de Su Hijo Jesucristo, que incluye aceptar Su sangre derramada para la<br>remisi\u00f3n de los pecados y ser bautizado, tiene la responsabilidad de compartir este plan con los<br>no creyentes o no convertidos.<\/p>\n\n\n\n<div class=\"wp-block-buttons is-layout-flex wp-block-buttons-is-layout-flex\">\n<div class=\"wp-block-button\"><a class=\"wp-block-button__link wp-element-button\" href=\"https:\/\/violet-goat-678263.hostingersite.com\/es\/officers\/\">Oficiales del NAMC<\/a><\/div>\n<\/div>\n\n\n\n<div class=\"wp-block-buttons is-layout-flex wp-block-buttons-is-layout-flex\"><\/div>\n","protected":false},"excerpt":{"rendered":"<p>La Conferencia General de la Iglesia de Dios (S\u00e9ptimo D\u00eda) ha creado el Concilio Ministerial deNorteam\u00e9rica como organizaci\u00f3n de sus ministros. Una parte de la tarea encomendada alConcilio consiste en establecer normas y requisitos para el ministerio de la Conferencia, y enpublicar y regular los documentos ministeriales. La conferencia sostiene [&hellip;]<\/p>\n","protected":false},"author":5,"featured_media":6379,"parent":0,"menu_order":0,"comment_status":"closed","ping_status":"closed","template":"","meta":{"_uag_custom_page_level_css":"","footnotes":""},"class_list":["post-6542","page","type-page","status-publish","has-post-thumbnail","hentry"],"uagb_featured_image_src":{"full":["https:\/\/namc.cog7.org\/wp-content\/uploads\/2023\/01\/IMG_0062-scaled-1.jpg",2560,1707,false],"thumbnail":["https:\/\/namc.cog7.org\/wp-content\/uploads\/2023\/01\/IMG_0062-scaled-1-150x150.jpg",150,150,true],"medium":["https:\/\/namc.cog7.org\/wp-content\/uploads\/2023\/01\/IMG_0062-scaled-1-300x200.jpg",300,200,true],"medium_large":["https:\/\/namc.cog7.org\/wp-content\/uploads\/2023\/01\/IMG_0062-scaled-1-768x512.jpg",768,512,true],"large":["https:\/\/namc.cog7.org\/wp-content\/uploads\/2023\/01\/IMG_0062-scaled-1-1024x683.jpg",887,592,true],"1536x1536":["https:\/\/namc.cog7.org\/wp-content\/uploads\/2023\/01\/IMG_0062-scaled-1-1536x1024.jpg",1536,1024,true],"2048x2048":["https:\/\/namc.cog7.org\/wp-content\/uploads\/2023\/01\/IMG_0062-scaled-1-2048x1366.jpg",2048,1366,true],"homepage-slider":["https:\/\/namc.cog7.org\/wp-content\/uploads\/2023\/01\/IMG_0062-scaled-1.jpg",750,500,false],"homepage-slider-small":["https:\/\/namc.cog7.org\/wp-content\/uploads\/2023\/01\/IMG_0062-scaled-1.jpg",750,500,false],"page-top":["https:\/\/namc.cog7.org\/wp-content\/uploads\/2023\/01\/IMG_0062-scaled-1.jpg",947,631,false],"page-small":["https:\/\/namc.cog7.org\/wp-content\/uploads\/2023\/01\/IMG_0062-scaled-1.jpg",624,416,false],"loop-main":["https:\/\/namc.cog7.org\/wp-content\/uploads\/2023\/01\/IMG_0062-scaled-1.jpg",360,240,false],"thumb-gallery-widget":["https:\/\/namc.cog7.org\/wp-content\/uploads\/2023\/01\/IMG_0062-scaled-1.jpg",84,56,false]},"uagb_author_info":{"display_name":"jteran","author_link":"https:\/\/namc.cog7.org\/es\/author\/jteran\/"},"uagb_comment_info":0,"uagb_excerpt":"La Conferencia General de la Iglesia de Dios (S\u00e9ptimo D\u00eda) ha creado el Concilio Ministerial deNorteam\u00e9rica como organizaci\u00f3n de sus ministros. Una parte de la tarea encomendada alConcilio consiste en establecer normas y requisitos para el ministerio de la Conferencia, y enpublicar y regular los documentos ministeriales. La conferencia sostiene [&hellip;]","_links":{"self":[{"href":"https:\/\/namc.cog7.org\/es\/wp-json\/wp\/v2\/pages\/6542","targetHints":{"allow":["GET"]}}],"collection":[{"href":"https:\/\/namc.cog7.org\/es\/wp-json\/wp\/v2\/pages"}],"about":[{"href":"https:\/\/namc.cog7.org\/es\/wp-json\/wp\/v2\/types\/page"}],"author":[{"embeddable":true,"href":"https:\/\/namc.cog7.org\/es\/wp-json\/wp\/v2\/users\/5"}],"replies":[{"embeddable":true,"href":"https:\/\/namc.cog7.org\/es\/wp-json\/wp\/v2\/comments?post=6542"}],"version-history":[{"count":6,"href":"https:\/\/namc.cog7.org\/es\/wp-json\/wp\/v2\/pages\/6542\/revisions"}],"predecessor-version":[{"id":6924,"href":"https:\/\/namc.cog7.org\/es\/wp-json\/wp\/v2\/pages\/6542\/revisions\/6924"}],"wp:featuredmedia":[{"embeddable":true,"href":"https:\/\/namc.cog7.org\/es\/wp-json\/wp\/v2\/media\/6379"}],"wp:attachment":[{"href":"https:\/\/namc.cog7.org\/es\/wp-json\/wp\/v2\/media?parent=6542"}],"curies":[{"name":"wp","href":"https:\/\/api.w.org\/{rel}","templated":true}]}}