{"id":6536,"date":"2018-04-13T16:01:26","date_gmt":"2018-04-13T16:01:26","guid":{"rendered":"https:\/\/namc.cog7staging.org\/about-us\/"},"modified":"2025-04-23T17:23:56","modified_gmt":"2025-04-23T17:23:56","slug":"about-us","status":"publish","type":"page","link":"https:\/\/namc.cog7.org\/es\/about-us\/","title":{"rendered":"\u00bfQui\u00e9nes Somos?\u00a0"},"content":{"rendered":"\n<p>La Conferencia General de la Iglesia de Dios (S\u00e9ptimo D\u00eda) estableci\u00f3 el Concilio Ministerial Norteamericano como la organizaci\u00f3n de sus ministros. Una asignatura del Concilio Ministerial es establecer normas y requisitos para el ministerio de la Iglesia de Dios (S\u00e9ptimo D\u00eda), y emitir y regular los documentos ministeriales.<\/p>\n\n\n\n<p>La Iglesia de Dios (S\u00e9ptimo D\u00eda) sostiene que todo aquel que haya aceptado el plan de salvaci\u00f3n de Dios, proporcionado a trav\u00e9s de Su Hijo Jesucristo, que incluye aceptar Su sangre derramada para la remisi\u00f3n de los pecados y ser bautizado, tiene la responsabilidad de compartir este plan con los no creyentes o convertidos.<\/p>\n\n\n\n<p>Tambi\u00e9n sostenemos que Cristo, que es la cabeza de la Iglesia, llama a algunos miembros de la iglesia a desempe\u00f1ar un ministerio superior en p\u00fablico.<\/p>\n\n\n\n<p>Adem\u00e1s, creemos que cuando un hombre est\u00e1 seguro de que ha sido llamado por Dios para ser un siervo ministerial, y los dem\u00e1s miembros de la Iglesia pueden ver pruebas positivas de ello, corresponde a los miembros animarle a seguir su vocaci\u00f3n.<\/p>\n\n\n\n<figure class=\"wp-block-image size-large is-resized\"><img loading=\"lazy\" decoding=\"async\" width=\"1024\" height=\"576\" src=\"https:\/\/namc.cog7.org\/wp-content\/uploads\/sites\/10\/2022\/12\/Untitled-design-1-1024x576.png\" alt=\"\" class=\"wp-image-570\" style=\"width:867px;height:487px\" srcset=\"https:\/\/namc.cog7.org\/wp-content\/uploads\/2022\/12\/Untitled-design-1-1024x576.png 1024w, https:\/\/namc.cog7.org\/wp-content\/uploads\/2022\/12\/Untitled-design-1-300x169.png 300w, https:\/\/namc.cog7.org\/wp-content\/uploads\/2022\/12\/Untitled-design-1-768x432.png 768w, https:\/\/namc.cog7.org\/wp-content\/uploads\/2022\/12\/Untitled-design-1-1536x864.png 1536w, https:\/\/namc.cog7.org\/wp-content\/uploads\/2022\/12\/Untitled-design-1.png 1920w\" sizes=\"auto, (max-width: 1024px) 100vw, 1024px\" \/><\/figure>\n\n\n\n<p><\/p>\n","protected":false},"excerpt":{"rendered":"<p>La Conferencia General de la Iglesia de Dios (S\u00e9ptimo D\u00eda) estableci\u00f3 el Concilio Ministerial Norteamericano como la organizaci\u00f3n de sus ministros. Una asignatura del Concilio Ministerial es establecer normas y requisitos para el ministerio de la Iglesia de Dios (S\u00e9ptimo D\u00eda), y emitir y regular los documentos ministeriales. La Iglesia [&hellip;]<\/p>\n","protected":false},"author":1,"featured_media":6370,"parent":0,"menu_order":0,"comment_status":"closed","ping_status":"closed","template":"","meta":{"_uag_custom_page_level_css":"","footnotes":""},"class_list":["post-6536","page","type-page","status-publish","has-post-thumbnail","hentry"],"uagb_featured_image_src":{"full":["https:\/\/namc.cog7.org\/wp-content\/uploads\/2023\/01\/Informal-Photo-copy.jpg",1793,814,false],"thumbnail":["https:\/\/namc.cog7.org\/wp-content\/uploads\/2023\/01\/Informal-Photo-copy-150x150.jpg",150,150,true],"medium":["https:\/\/namc.cog7.org\/wp-content\/uploads\/2023\/01\/Informal-Photo-copy-300x136.jpg",300,136,true],"medium_large":["https:\/\/namc.cog7.org\/wp-content\/uploads\/2023\/01\/Informal-Photo-copy-768x349.jpg",768,349,true],"large":["https:\/\/namc.cog7.org\/wp-content\/uploads\/2023\/01\/Informal-Photo-copy-1024x465.jpg",887,403,true],"1536x1536":["https:\/\/namc.cog7.org\/wp-content\/uploads\/2023\/01\/Informal-Photo-copy-1536x697.jpg",1536,697,true],"2048x2048":["https:\/\/namc.cog7.org\/wp-content\/uploads\/2023\/01\/Informal-Photo-copy.jpg",1793,814,false],"homepage-slider":["https:\/\/namc.cog7.org\/wp-content\/uploads\/2023\/01\/Informal-Photo-copy.jpg",1101,500,false],"homepage-slider-small":["https:\/\/namc.cog7.org\/wp-content\/uploads\/2023\/01\/Informal-Photo-copy.jpg",947,430,false],"page-top":["https:\/\/namc.cog7.org\/wp-content\/uploads\/2023\/01\/Informal-Photo-copy.jpg",947,430,false],"page-small":["https:\/\/namc.cog7.org\/wp-content\/uploads\/2023\/01\/Informal-Photo-copy.jpg",624,283,false],"loop-main":["https:\/\/namc.cog7.org\/wp-content\/uploads\/2023\/01\/Informal-Photo-copy.jpg",365,166,false],"thumb-gallery-widget":["https:\/\/namc.cog7.org\/wp-content\/uploads\/2023\/01\/Informal-Photo-copy.jpg",84,38,false]},"uagb_author_info":{"display_name":"jazmin.novak@cog7.org","author_link":"https:\/\/namc.cog7.org\/es\/author\/jazmin-novakcog7-org\/"},"uagb_comment_info":0,"uagb_excerpt":"La Conferencia General de la Iglesia de Dios (S\u00e9ptimo D\u00eda) estableci\u00f3 el Concilio Ministerial Norteamericano como la organizaci\u00f3n de sus ministros. Una asignatura del Concilio Ministerial es establecer normas y requisitos para el ministerio de la Iglesia de Dios (S\u00e9ptimo D\u00eda), y emitir y regular los documentos ministeriales. La Iglesia [&hellip;]","_links":{"self":[{"href":"https:\/\/namc.cog7.org\/es\/wp-json\/wp\/v2\/pages\/6536","targetHints":{"allow":["GET"]}}],"collection":[{"href":"https:\/\/namc.cog7.org\/es\/wp-json\/wp\/v2\/pages"}],"about":[{"href":"https:\/\/namc.cog7.org\/es\/wp-json\/wp\/v2\/types\/page"}],"author":[{"embeddable":true,"href":"https:\/\/namc.cog7.org\/es\/wp-json\/wp\/v2\/users\/1"}],"replies":[{"embeddable":true,"href":"https:\/\/namc.cog7.org\/es\/wp-json\/wp\/v2\/comments?post=6536"}],"version-history":[{"count":6,"href":"https:\/\/namc.cog7.org\/es\/wp-json\/wp\/v2\/pages\/6536\/revisions"}],"predecessor-version":[{"id":6886,"href":"https:\/\/namc.cog7.org\/es\/wp-json\/wp\/v2\/pages\/6536\/revisions\/6886"}],"wp:featuredmedia":[{"embeddable":true,"href":"https:\/\/namc.cog7.org\/es\/wp-json\/wp\/v2\/media\/6370"}],"wp:attachment":[{"href":"https:\/\/namc.cog7.org\/es\/wp-json\/wp\/v2\/media?parent=6536"}],"curies":[{"name":"wp","href":"https:\/\/api.w.org\/{rel}","templated":true}]}}